{"id":1702,"date":"2025-12-22T20:47:51","date_gmt":"2025-12-22T20:47:51","guid":{"rendered":"https:\/\/villadambra.it\/?page_id=1702"},"modified":"2025-12-22T20:47:52","modified_gmt":"2025-12-22T20:47:52","slug":"contursi-terme-benessere-e-relax-naturale","status":"publish","type":"page","link":"https:\/\/villadambra.it\/en\/contursi-terme-benessere-e-relax-naturale\/","title":{"rendered":"Contursi Terme \u2013 Natural Wellness and Relaxation"},"content":{"rendered":"<h2 class=\"wp-block-heading\"><strong>Contursi Terme, the capital of wellness<\/strong><\/h2>\n\n\n\n<p>Contursi Terme is one of the most renowned spa destinations in Campania and Southern Italy.<br>Situata nella valle del Sele, \u00e8 famosa per le sue <strong>natural thermal waters<\/strong>waters, valued since ancient times for their beneficial and therapeutic properties.<\/p>\n\n\n\n<p>\u201cAn ideal place for those who wish to enjoy a relaxing break, surrounded by nature and far from the stress of everyday life.\u201d<\/p>\n\n\n\n<hr class=\"wp-block-separator has-alpha-channel-opacity\"\/>\n\n\n\n<h2 class=\"wp-block-heading\"><strong>Contursi Thermal Baths<\/strong><\/h2>\n\n\n\n<p>\u201cThe thermal baths of Contursi offer numerous wellness facilities, including:\u201d<\/p>\n\n\n\n<ul class=\"wp-block-list\">\n<li>Natural thermal pools<\/li>\n\n\n\n<li>Wellness and spa experiences<\/li>\n\n\n\n<li>Relaxing and rejuvenating treatments<\/li>\n\n\n\n<li>Relaxation areas surrounded by greenery<\/li>\n<\/ul>\n\n\n\n<p>The mineral-rich thermal waters are ideal for the well-being of both body and mind, promoting relaxation and physical recovery.<\/p>\n\n\n\n<hr class=\"wp-block-separator has-alpha-channel-opacity\"\/>\n\n\n\n<h2 class=\"wp-block-heading\"><strong>A relaxing experience in every season.<\/strong><\/h2>\n\n\n\n<p>Contursi Terme is a perfect destination. <strong>all year round<\/strong>.<br>In summer, it offers moments of freshness and tranquility, while in the colder months it provides a charming atmosphere, ideal for rejuvenating in warm thermal waters.<\/p>\n\n\n\n<p>It is a destination appreciated by:<\/p>\n\n\n\n<ul class=\"wp-block-list\">\n<li>Couples seeking relaxation<\/li>\n\n\n\n<li>Families<\/li>\n\n\n\n<li>Travelers who wish to take care of themselves<\/li>\n<\/ul>\n\n\n\n<hr class=\"wp-block-separator has-alpha-channel-opacity\"\/>\n\n\n\n<h2 class=\"wp-block-heading\"><strong>Nature and Surroundings<\/strong><\/h2>\n\n\n\n<p>Beyond the thermal baths, Contursi Terme is surrounded by a fascinating natural landscape, with rolling hills, rivers, and green areas.<br>The area invites visitors to enjoy relaxing walks, excursions, and moments of close contact with nature, completing the overall wellness experience.<\/p>\n\n\n\n<hr class=\"wp-block-separator has-alpha-channel-opacity\"\/>\n\n\n\n<h2 class=\"wp-block-heading\"><strong>Contursi Terme &amp; Villa D\u2019Ambra<\/strong><\/h2>\n\n\n\n<p>Villa D\u2019Ambra is an ideal solution for staying near Contursi Terme, offering comfort, tranquility, and a strategic location that allows easy access to the thermal facilities and the area\u2019s main attractions.<\/p>\n\n\n\n<div class=\"wp-block-uagb-image uagb-block-1640f5f8 wp-block-uagb-image--layout-default wp-block-uagb-image--effect-static wp-block-uagb-image--align-none\"><figure class=\"wp-block-uagb-image__figure\"><img decoding=\"async\" srcset=\"https:\/\/villadambra.it\/wp-content\/uploads\/2025\/12\/Senza-titolo-650-x-650-px-1200-x-1000-px-1024x853.png ,https:\/\/villadambra.it\/wp-content\/uploads\/2025\/12\/Senza-titolo-650-x-650-px-1200-x-1000-px.png 780w, https:\/\/villadambra.it\/wp-content\/uploads\/2025\/12\/Senza-titolo-650-x-650-px-1200-x-1000-px.png 360w\" sizes=\"auto, (max-width: 480px) 150px\" src=\"https:\/\/villadambra.it\/wp-content\/uploads\/2025\/12\/Senza-titolo-650-x-650-px-1200-x-1000-px-1024x853.png\" alt=\"senza titolo (650 x 650 px) (1200 x 1000 px)\" class=\"uag-image-1704\" width=\"1024\" height=\"853\" title=\"senza titolo (650 x 650 px) (1200 x 1000 px)\" loading=\"lazy\" role=\"img\"\/><\/figure><\/div>","protected":false},"excerpt":{"rendered":"<p>Contursi Terme, la capitale del benessere Contursi Terme \u00e8 una delle localit\u00e0 termali pi\u00f9 rinomate della Campania e del Sud Italia.Situata nella valle del Sele, \u00e8 famosa per le sue acque termali naturali, apprezzate fin dall\u2019antichit\u00e0 per le loro propriet\u00e0 benefiche e terapeutiche. Un luogo ideale per chi desidera concedersi una pausa di relax, immerso [&hellip;]<\/p>\n","protected":false},"author":1,"featured_media":0,"parent":0,"menu_order":0,"comment_status":"closed","ping_status":"closed","template":"","meta":{"_uag_custom_page_level_css":"","site-sidebar-layout":"default","site-content-layout":"","ast-site-content-layout":"default","site-content-style":"default","site-sidebar-style":"default","ast-global-header-display":"","ast-banner-title-visibility":"","ast-main-header-display":"","ast-hfb-above-header-display":"","ast-hfb-below-header-display":"","ast-hfb-mobile-header-display":"","site-post-title":"","ast-breadcrumbs-content":"","ast-featured-img":"","footer-sml-layout":"","ast-disable-related-posts":"","theme-transparent-header-meta":"","adv-header-id-meta":"","stick-header-meta":"","header-above-stick-meta":"","header-main-stick-meta":"","header-below-stick-meta":"","astra-migrate-meta-layouts":"set","ast-page-background-enabled":"default","ast-page-background-meta":{"desktop":{"background-color":"var(--ast-global-color-4)","background-image":"","background-repeat":"repeat","background-position":"center center","background-size":"auto","background-attachment":"scroll","background-type":"","background-media":"","overlay-type":"","overlay-color":"","overlay-opacity":"","overlay-gradient":""},"tablet":{"background-color":"","background-image":"","background-repeat":"repeat","background-position":"center center","background-size":"auto","background-attachment":"scroll","background-type":"","background-media":"","overlay-type":"","overlay-color":"","overlay-opacity":"","overlay-gradient":""},"mobile":{"background-color":"","background-image":"","background-repeat":"repeat","background-position":"center center","background-size":"auto","background-attachment":"scroll","background-type":"","background-media":"","overlay-type":"","overlay-color":"","overlay-opacity":"","overlay-gradient":""}},"ast-content-background-meta":{"desktop":{"background-color":"var(--ast-global-color-5)","background-image":"","background-repeat":"repeat","background-position":"center center","background-size":"auto","background-attachment":"scroll","background-type":"","background-media":"","overlay-type":"","overlay-color":"","overlay-opacity":"","overlay-gradient":""},"tablet":{"background-color":"var(--ast-global-color-5)","background-image":"","background-repeat":"repeat","background-position":"center center","background-size":"auto","background-attachment":"scroll","background-type":"","background-media":"","overlay-type":"","overlay-color":"","overlay-opacity":"","overlay-gradient":""},"mobile":{"background-color":"var(--ast-global-color-5)","background-image":"","background-repeat":"repeat","background-position":"center center","background-size":"auto","background-attachment":"scroll","background-type":"","background-media":"","overlay-type":"","overlay-color":"","overlay-opacity":"","overlay-gradient":""}},"footnotes":""},"class_list":["post-1702","page","type-page","status-publish","hentry"],"uagb_featured_image_src":{"full":false,"thumbnail":false,"medium":false,"medium_large":false,"large":false,"1536x1536":false,"2048x2048":false,"trp-custom-language-flag":false},"uagb_author_info":{"display_name":"Info@villadambra.it","author_link":"https:\/\/villadambra.it\/en\/author\/infovilladambra-it\/"},"uagb_comment_info":0,"uagb_excerpt":"Contursi Terme, la capitale del benessere Contursi Terme \u00e8 una delle localit\u00e0 termali pi\u00f9 rinomate della Campania e del Sud Italia.Situata nella valle del Sele, \u00e8 famosa per le sue acque termali naturali, apprezzate fin dall\u2019antichit\u00e0 per le loro propriet\u00e0 benefiche e terapeutiche. Un luogo ideale per chi desidera concedersi una pausa di relax, immerso&hellip;","_links":{"self":[{"href":"https:\/\/villadambra.it\/en\/wp-json\/wp\/v2\/pages\/1702","targetHints":{"allow":["GET"]}}],"collection":[{"href":"https:\/\/villadambra.it\/en\/wp-json\/wp\/v2\/pages"}],"about":[{"href":"https:\/\/villadambra.it\/en\/wp-json\/wp\/v2\/types\/page"}],"author":[{"embeddable":true,"href":"https:\/\/villadambra.it\/en\/wp-json\/wp\/v2\/users\/1"}],"replies":[{"embeddable":true,"href":"https:\/\/villadambra.it\/en\/wp-json\/wp\/v2\/comments?post=1702"}],"version-history":[{"count":1,"href":"https:\/\/villadambra.it\/en\/wp-json\/wp\/v2\/pages\/1702\/revisions"}],"predecessor-version":[{"id":1705,"href":"https:\/\/villadambra.it\/en\/wp-json\/wp\/v2\/pages\/1702\/revisions\/1705"}],"wp:attachment":[{"href":"https:\/\/villadambra.it\/en\/wp-json\/wp\/v2\/media?parent=1702"}],"curies":[{"name":"wp","href":"https:\/\/api.w.org\/{rel}","templated":true}]}}