{"id":1706,"date":"2025-12-22T20:51:50","date_gmt":"2025-12-22T20:51:50","guid":{"rendered":"https:\/\/villadambra.it\/?page_id=1706"},"modified":"2025-12-22T20:51:50","modified_gmt":"2025-12-22T20:51:50","slug":"certosa-di-padula-arte-storia-e-spiritualita","status":"publish","type":"page","link":"https:\/\/villadambra.it\/en\/certosa-di-padula-arte-storia-e-spiritualita\/","title":{"rendered":"Charterhouse of Padula \u2013 Art, History and Spirituality"},"content":{"rendered":"<h2 class=\"wp-block-heading\"><strong>The Charterhouse of Padula, a UNESCO World Heritage Site.<\/strong><\/h2>\n\n\n\n<p>La <strong>Certosa di San Lorenzo<\/strong>The Charterhouse of Padula, a UNESCO World Heritage Site, located in Padula, is one of the largest and most fascinating monastic complexes in Europe.<br>Declared <strong>UNESCO World Heritage Site<\/strong>It represents a masterpiece of Baroque art and a place of extraordinary historical and architectural beauty.<\/p>\n\n\n\n<p>Visiting the Certosa di Padula means immersing yourself in centuries of history, silence, and spirituality.<\/p>\n\n\n\n<hr class=\"wp-block-separator has-alpha-channel-opacity\"\/>\n\n\n\n<h2 class=\"wp-block-heading\"><strong>A unique architectural masterpiece.<\/strong><\/h2>\n\n\n\n<p>Founded in the 14th century, the Certosa di Padula is renowned for:<\/p>\n\n\n\n<ul class=\"wp-block-list\">\n<li>the majestic <strong>cloister<\/strong>one of the largest in the world<\/li>\n\n\n\n<li>the elegant <strong>Monumental staircases<\/strong><\/li>\n\n\n\n<li>the interiors decorated with frescoes and works of art<\/li>\n\n\n\n<li>the evocative <strong>the evocative church<\/strong> and the monastic spaces<\/li>\n<\/ul>\n\n\n\n<p>Each space tells the story of the Carthusian monks and the grandeur of this extraordinary complex.<\/p>\n\n\n\n<hr class=\"wp-block-separator has-alpha-channel-opacity\"\/>\n\n\n\n<h2 class=\"wp-block-heading\"><strong>A journey through time.<\/strong><\/h2>\n\n\n\n<p>Walking through the Certosa di Padula is a truly unique experience.<br>The silence, the harmony of the spaces, and the natural light create a timeless atmosphere, ideal for those who love history, culture, and places rich in meaning.<\/p>\n\n\n\n<p>It is a perfect destination for<\/p>\n\n\n\n<ul class=\"wp-block-list\">\n<li>Art and architecture enthusiasts<\/li>\n\n\n\n<li>Families and curious visitors<\/li>\n\n\n\n<li>Travelers seeking authentic cultural experiences<\/li>\n<\/ul>\n\n\n\n<hr class=\"wp-block-separator has-alpha-channel-opacity\"\/>\n\n\n\n<h2 class=\"wp-block-heading\"><strong>The Certosa di Padula and the Surrounding Area<\/strong><\/h2>\n\n\n\n<p>The Charterhouse is located in the heart of the <strong>Cilento, Vallo di Diano and Alburni National Park<\/strong>an area rich in nature, historic villages, and local traditions.<br>The visit can be easily combined with excursions, leisurely walks, and tastings of local traditional products.<\/p>\n\n\n\n<hr class=\"wp-block-separator has-alpha-channel-opacity\"\/>\n\n\n\n<h2 class=\"wp-block-heading\"><strong>Certosa di Padula &amp; Villa D\u2019Ambra<\/strong><\/h2>\n\n\n\n<p>Villa D\u2019Ambra is an ideal base for visiting the Certosa di Padula, thanks to its strategic location in the province of Salerno.<br>After a day dedicated to culture and discovering the surrounding area, you can relax in a welcoming and comfortable environment.<\/p>\n\n\n\n<div class=\"wp-block-uagb-image uagb-block-e9787717 wp-block-uagb-image--layout-default wp-block-uagb-image--effect-static wp-block-uagb-image--align-none\"><figure class=\"wp-block-uagb-image__figure\"><img decoding=\"async\" srcset=\"https:\/\/villadambra.it\/wp-content\/uploads\/2025\/12\/Senza-titolo-650-x-650-px-1200-x-1000-px-1-1024x853.png ,https:\/\/villadambra.it\/wp-content\/uploads\/2025\/12\/Senza-titolo-650-x-650-px-1200-x-1000-px-1.png 780w, https:\/\/villadambra.it\/wp-content\/uploads\/2025\/12\/Senza-titolo-650-x-650-px-1200-x-1000-px-1.png 360w\" sizes=\"auto, (max-width: 480px) 150px\" src=\"https:\/\/villadambra.it\/wp-content\/uploads\/2025\/12\/Senza-titolo-650-x-650-px-1200-x-1000-px-1-1024x853.png\" alt=\"senza titolo (650 x 650 px) (1200 x 1000 px) (1)\" class=\"uag-image-1707\" width=\"1200\" height=\"1000\" title=\"senza titolo (650 x 650 px) (1200 x 1000 px) (1)\" loading=\"lazy\" role=\"img\"\/><\/figure><\/div>","protected":false},"excerpt":{"rendered":"<p>La Certosa di Padula, patrimonio dell\u2019umanit\u00e0 La Certosa di San Lorenzo, situata a Padula, \u00e8 uno dei complessi monastici pi\u00f9 grandi e affascinanti d\u2019Europa.Dichiarata Patrimonio UNESCO, rappresenta un capolavoro dell\u2019arte barocca e un luogo di straordinaria bellezza storica e architettonica. Visitare la Certosa significa immergersi in secoli di storia, silenzio e spiritualit\u00e0. Un capolavoro architettonico [&hellip;]<\/p>\n","protected":false},"author":1,"featured_media":0,"parent":0,"menu_order":0,"comment_status":"closed","ping_status":"closed","template":"","meta":{"_uag_custom_page_level_css":"","site-sidebar-layout":"default","site-content-layout":"","ast-site-content-layout":"default","site-content-style":"default","site-sidebar-style":"default","ast-global-header-display":"","ast-banner-title-visibility":"","ast-main-header-display":"","ast-hfb-above-header-display":"","ast-hfb-below-header-display":"","ast-hfb-mobile-header-display":"","site-post-title":"","ast-breadcrumbs-content":"","ast-featured-img":"","footer-sml-layout":"","ast-disable-related-posts":"","theme-transparent-header-meta":"","adv-header-id-meta":"","stick-header-meta":"","header-above-stick-meta":"","header-main-stick-meta":"","header-below-stick-meta":"","astra-migrate-meta-layouts":"set","ast-page-background-enabled":"default","ast-page-background-meta":{"desktop":{"background-color":"var(--ast-global-color-4)","background-image":"","background-repeat":"repeat","background-position":"center center","background-size":"auto","background-attachment":"scroll","background-type":"","background-media":"","overlay-type":"","overlay-color":"","overlay-opacity":"","overlay-gradient":""},"tablet":{"background-color":"","background-image":"","background-repeat":"repeat","background-position":"center center","background-size":"auto","background-attachment":"scroll","background-type":"","background-media":"","overlay-type":"","overlay-color":"","overlay-opacity":"","overlay-gradient":""},"mobile":{"background-color":"","background-image":"","background-repeat":"repeat","background-position":"center center","background-size":"auto","background-attachment":"scroll","background-type":"","background-media":"","overlay-type":"","overlay-color":"","overlay-opacity":"","overlay-gradient":""}},"ast-content-background-meta":{"desktop":{"background-color":"var(--ast-global-color-5)","background-image":"","background-repeat":"repeat","background-position":"center center","background-size":"auto","background-attachment":"scroll","background-type":"","background-media":"","overlay-type":"","overlay-color":"","overlay-opacity":"","overlay-gradient":""},"tablet":{"background-color":"var(--ast-global-color-5)","background-image":"","background-repeat":"repeat","background-position":"center center","background-size":"auto","background-attachment":"scroll","background-type":"","background-media":"","overlay-type":"","overlay-color":"","overlay-opacity":"","overlay-gradient":""},"mobile":{"background-color":"var(--ast-global-color-5)","background-image":"","background-repeat":"repeat","background-position":"center center","background-size":"auto","background-attachment":"scroll","background-type":"","background-media":"","overlay-type":"","overlay-color":"","overlay-opacity":"","overlay-gradient":""}},"footnotes":""},"class_list":["post-1706","page","type-page","status-publish","hentry"],"uagb_featured_image_src":{"full":false,"thumbnail":false,"medium":false,"medium_large":false,"large":false,"1536x1536":false,"2048x2048":false,"trp-custom-language-flag":false},"uagb_author_info":{"display_name":"Info@villadambra.it","author_link":"https:\/\/villadambra.it\/en\/author\/infovilladambra-it\/"},"uagb_comment_info":0,"uagb_excerpt":"La Certosa di Padula, patrimonio dell\u2019umanit\u00e0 La Certosa di San Lorenzo, situata a Padula, \u00e8 uno dei complessi monastici pi\u00f9 grandi e affascinanti d\u2019Europa.Dichiarata Patrimonio UNESCO, rappresenta un capolavoro dell\u2019arte barocca e un luogo di straordinaria bellezza storica e architettonica. Visitare la Certosa significa immergersi in secoli di storia, silenzio e spiritualit\u00e0. Un capolavoro architettonico&hellip;","_links":{"self":[{"href":"https:\/\/villadambra.it\/en\/wp-json\/wp\/v2\/pages\/1706","targetHints":{"allow":["GET"]}}],"collection":[{"href":"https:\/\/villadambra.it\/en\/wp-json\/wp\/v2\/pages"}],"about":[{"href":"https:\/\/villadambra.it\/en\/wp-json\/wp\/v2\/types\/page"}],"author":[{"embeddable":true,"href":"https:\/\/villadambra.it\/en\/wp-json\/wp\/v2\/users\/1"}],"replies":[{"embeddable":true,"href":"https:\/\/villadambra.it\/en\/wp-json\/wp\/v2\/comments?post=1706"}],"version-history":[{"count":1,"href":"https:\/\/villadambra.it\/en\/wp-json\/wp\/v2\/pages\/1706\/revisions"}],"predecessor-version":[{"id":1708,"href":"https:\/\/villadambra.it\/en\/wp-json\/wp\/v2\/pages\/1706\/revisions\/1708"}],"wp:attachment":[{"href":"https:\/\/villadambra.it\/en\/wp-json\/wp\/v2\/media?parent=1706"}],"curies":[{"name":"wp","href":"https:\/\/api.w.org\/{rel}","templated":true}]}}