{"id":1726,"date":"2026-01-02T11:05:07","date_gmt":"2026-01-02T11:05:07","guid":{"rendered":"https:\/\/villadambra.it\/?page_id=1726"},"modified":"2026-01-02T11:05:08","modified_gmt":"2026-01-02T11:05:08","slug":"mozzarella-e-prodotti-tipici","status":"publish","type":"page","link":"https:\/\/villadambra.it\/en\/mozzarella-e-prodotti-tipici\/","title":{"rendered":"Mozzarella and Local Products"},"content":{"rendered":"<p>The Province of Salerno is a land rich in authentic flavors and gastronomic traditions passed down through generations<br>Staying at Villa D\u2019Ambra means having the opportunity to discover and enjoy some of the most renowned traditional products of Campania, symbols of quality and authenticity.<br><br><\/p>\n\n\n\n<div class=\"wp-block-uagb-info-box uagb-block-3ee23c35 uagb-infobox__content-wrap  uagb-infobox-icon-above-title uagb-infobox-image-valign-top\"><div class=\"uagb-ifb-content\"><div class=\"uagb-ifb-title-wrap\"><h3 class=\"uagb-ifb-title\">La <strong>Mozzarella di Bufala Campana DOP<\/strong> It is one of the most celebrated products of the area.<br>Made with fresh buffalo milk, it stands out for its delicate flavor, soft texture, and unmistakable aroma.<br>It is possible to visit local dairies, observe the traditional artisanal production process, and taste freshly made mozzarella, accompanied by other typical dairy products such as ricotta and provola.<\/h3><\/div><p class=\"uagb-ifb-desc\">Beyond mozzarella, the area offers a wide variety of gastronomic excellences, including:<br>Artisanal cured meats and cheeses<br>Locally produced extra virgin olive oil<br>Local wines from the Campania region<br>Traditional bread and baked goods<br>Traditional local desserts<br>Each product tells the story and culture of this land.<\/p><\/div><\/div>\n\n\n\n<p>During your stay, you can enjoy authentic gastronomic experiences:<br>Tastings at farms and dairies<br>Lunches and dinners in traditional trattorias<br>Direct purchase of local zero\u2011km products<\/p>\n\n\n\n<p>A unique way to discover the region through its flavors<br><\/p>\n\n\n\n<p>A stay at Villa D\u2019Ambra is not only about relaxation, but also about discovering the most authentic culinary traditions of the province of Salerno.<br>An experience that delights the palate and leaves an unforgettable memory.<\/p>\n\n\n\n<div class=\"wp-block-uagb-image uagb-block-3438ad32 wp-block-uagb-image--layout-default wp-block-uagb-image--effect-static wp-block-uagb-image--align-none\"><figure class=\"wp-block-uagb-image__figure\"><img decoding=\"async\" srcset=\"https:\/\/villadambra.it\/wp-content\/uploads\/2026\/01\/Senza-titolo-650-x-650-px-1200-x-1000-px-2-1024x853.png ,https:\/\/villadambra.it\/wp-content\/uploads\/2026\/01\/Senza-titolo-650-x-650-px-1200-x-1000-px-2.png 780w, https:\/\/villadambra.it\/wp-content\/uploads\/2026\/01\/Senza-titolo-650-x-650-px-1200-x-1000-px-2.png 360w\" sizes=\"auto, (max-width: 480px) 150px\" src=\"https:\/\/villadambra.it\/wp-content\/uploads\/2026\/01\/Senza-titolo-650-x-650-px-1200-x-1000-px-2-1024x853.png\" alt=\"senza titolo (650 x 650 px) (1200 x 1000 px) (2)\" class=\"uag-image-1727\" width=\"1200\" height=\"1000\" title=\"senza titolo (650 x 650 px) (1200 x 1000 px) (2)\" loading=\"lazy\" role=\"img\"\/><\/figure><\/div>","protected":false},"excerpt":{"rendered":"<p>La provincia di Salerno \u00e8 una terra ricca di sapori autentici e tradizioni gastronomiche tramandate da generazioni.Alloggiare a Villa D\u2019Ambra significa avere l\u2019opportunit\u00e0 di scoprire e gustare alcuni dei prodotti tipici pi\u00f9 rinomati della Campania, simbolo di qualit\u00e0 e genuinit\u00e0. Durante il soggiorno \u00e8 possibile vivere autentiche esperienze gastronomiche:\u2013 Degustazioni in aziende agricole e caseifici\u2013 [&hellip;]<\/p>\n","protected":false},"author":1,"featured_media":0,"parent":0,"menu_order":0,"comment_status":"closed","ping_status":"closed","template":"","meta":{"_uag_custom_page_level_css":"","site-sidebar-layout":"default","site-content-layout":"","ast-site-content-layout":"default","site-content-style":"default","site-sidebar-style":"default","ast-global-header-display":"","ast-banner-title-visibility":"","ast-main-header-display":"","ast-hfb-above-header-display":"","ast-hfb-below-header-display":"","ast-hfb-mobile-header-display":"","site-post-title":"","ast-breadcrumbs-content":"","ast-featured-img":"","footer-sml-layout":"","ast-disable-related-posts":"","theme-transparent-header-meta":"","adv-header-id-meta":"","stick-header-meta":"","header-above-stick-meta":"","header-main-stick-meta":"","header-below-stick-meta":"","astra-migrate-meta-layouts":"set","ast-page-background-enabled":"default","ast-page-background-meta":{"desktop":{"background-color":"var(--ast-global-color-4)","background-image":"","background-repeat":"repeat","background-position":"center center","background-size":"auto","background-attachment":"scroll","background-type":"","background-media":"","overlay-type":"","overlay-color":"","overlay-opacity":"","overlay-gradient":""},"tablet":{"background-color":"","background-image":"","background-repeat":"repeat","background-position":"center center","background-size":"auto","background-attachment":"scroll","background-type":"","background-media":"","overlay-type":"","overlay-color":"","overlay-opacity":"","overlay-gradient":""},"mobile":{"background-color":"","background-image":"","background-repeat":"repeat","background-position":"center center","background-size":"auto","background-attachment":"scroll","background-type":"","background-media":"","overlay-type":"","overlay-color":"","overlay-opacity":"","overlay-gradient":""}},"ast-content-background-meta":{"desktop":{"background-color":"var(--ast-global-color-5)","background-image":"","background-repeat":"repeat","background-position":"center center","background-size":"auto","background-attachment":"scroll","background-type":"","background-media":"","overlay-type":"","overlay-color":"","overlay-opacity":"","overlay-gradient":""},"tablet":{"background-color":"var(--ast-global-color-5)","background-image":"","background-repeat":"repeat","background-position":"center center","background-size":"auto","background-attachment":"scroll","background-type":"","background-media":"","overlay-type":"","overlay-color":"","overlay-opacity":"","overlay-gradient":""},"mobile":{"background-color":"var(--ast-global-color-5)","background-image":"","background-repeat":"repeat","background-position":"center center","background-size":"auto","background-attachment":"scroll","background-type":"","background-media":"","overlay-type":"","overlay-color":"","overlay-opacity":"","overlay-gradient":""}},"footnotes":""},"class_list":["post-1726","page","type-page","status-publish","hentry"],"uagb_featured_image_src":{"full":false,"thumbnail":false,"medium":false,"medium_large":false,"large":false,"1536x1536":false,"2048x2048":false,"trp-custom-language-flag":false},"uagb_author_info":{"display_name":"Info@villadambra.it","author_link":"https:\/\/villadambra.it\/en\/author\/infovilladambra-it\/"},"uagb_comment_info":0,"uagb_excerpt":"La provincia di Salerno \u00e8 una terra ricca di sapori autentici e tradizioni gastronomiche tramandate da generazioni.Alloggiare a Villa D\u2019Ambra significa avere l\u2019opportunit\u00e0 di scoprire e gustare alcuni dei prodotti tipici pi\u00f9 rinomati della Campania, simbolo di qualit\u00e0 e genuinit\u00e0. Durante il soggiorno \u00e8 possibile vivere autentiche esperienze gastronomiche:\u2013 Degustazioni in aziende agricole e caseifici\u2013&hellip;","_links":{"self":[{"href":"https:\/\/villadambra.it\/en\/wp-json\/wp\/v2\/pages\/1726","targetHints":{"allow":["GET"]}}],"collection":[{"href":"https:\/\/villadambra.it\/en\/wp-json\/wp\/v2\/pages"}],"about":[{"href":"https:\/\/villadambra.it\/en\/wp-json\/wp\/v2\/types\/page"}],"author":[{"embeddable":true,"href":"https:\/\/villadambra.it\/en\/wp-json\/wp\/v2\/users\/1"}],"replies":[{"embeddable":true,"href":"https:\/\/villadambra.it\/en\/wp-json\/wp\/v2\/comments?post=1726"}],"version-history":[{"count":1,"href":"https:\/\/villadambra.it\/en\/wp-json\/wp\/v2\/pages\/1726\/revisions"}],"predecessor-version":[{"id":1728,"href":"https:\/\/villadambra.it\/en\/wp-json\/wp\/v2\/pages\/1726\/revisions\/1728"}],"wp:attachment":[{"href":"https:\/\/villadambra.it\/en\/wp-json\/wp\/v2\/media?parent=1726"}],"curies":[{"name":"wp","href":"https:\/\/api.w.org\/{rel}","templated":true}]}}